{"id":1657,"date":"2020-06-25T14:45:13","date_gmt":"2020-06-25T12:45:13","guid":{"rendered":"https:\/\/wordpress-multidir.appli.univ-poitiers.fr\/cnem\/?page_id=1657"},"modified":"2020-06-25T15:09:19","modified_gmt":"2020-06-25T13:09:19","slug":"donnees-debloquees","status":"publish","type":"page","link":"https:\/\/techne.labo.univ-poitiers.fr\/cnem\/donnees-debloquees\/","title":{"rendered":"Donn\u00e9es d\u00e9bloqu\u00e9es !"},"content":{"rendered":"","protected":true},"excerpt":{"rendered":"","protected":true},"author":499,"featured_media":0,"parent":0,"menu_order":0,"comment_status":"closed","ping_status":"closed","template":"","meta":{"_relevanssi_hide_post":"","_relevanssi_hide_content":"","_relevanssi_pin_for_all":"","_relevanssi_pin_keywords":"","_relevanssi_unpin_keywords":"","_relevanssi_related_keywords":"","_relevanssi_related_include_ids":"","_relevanssi_related_exclude_ids":"","_relevanssi_related_no_append":"","_relevanssi_related_not_related":"","_relevanssi_related_posts":"","_relevanssi_noindex_reason":""},"acf":[],"_links":{"self":[{"href":"https:\/\/techne.labo.univ-poitiers.fr\/cnem\/wp-json\/wp\/v2\/pages\/1657"}],"collection":[{"href":"https:\/\/techne.labo.univ-poitiers.fr\/cnem\/wp-json\/wp\/v2\/pages"}],"about":[{"href":"https:\/\/techne.labo.univ-poitiers.fr\/cnem\/wp-json\/wp\/v2\/types\/page"}],"author":[{"embeddable":true,"href":"https:\/\/techne.labo.univ-poitiers.fr\/cnem\/wp-json\/wp\/v2\/users\/499"}],"replies":[{"embeddable":true,"href":"https:\/\/techne.labo.univ-poitiers.fr\/cnem\/wp-json\/wp\/v2\/comments?post=1657"}],"version-history":[{"count":3,"href":"https:\/\/techne.labo.univ-poitiers.fr\/cnem\/wp-json\/wp\/v2\/pages\/1657\/revisions"}],"predecessor-version":[{"id":1710,"href":"https:\/\/techne.labo.univ-poitiers.fr\/cnem\/wp-json\/wp\/v2\/pages\/1657\/revisions\/1710"}],"wp:attachment":[{"href":"https:\/\/techne.labo.univ-poitiers.fr\/cnem\/wp-json\/wp\/v2\/media?parent=1657"}],"curies":[{"name":"wp","href":"https:\/\/api.w.org\/{rel}","templated":true}]}}